{"id":969,"date":"2020-11-19T09:48:42","date_gmt":"2020-11-19T08:48:42","guid":{"rendered":"https:\/\/maikehaeusling.de\/?page_id=969"},"modified":"2023-02-07T17:35:14","modified_gmt":"2023-02-07T16:35:14","slug":"vita","status":"publish","type":"page","link":"https:\/\/maikehaeusling.de\/en\/vita\/","title":{"rendered":"vita"},"content":{"rendered":"<p>Geboren 1974 in K\u00f6ln.<br \/>\nSeit 2006 freischaffende K\u00fcnstlerin, lebt und arbeitet in Frankfurt am Main.<br \/>\nMultimediak\u00fcnstlerin mit den Schwerpunkten Malerei, Installation, Druckgrafik und bewegtes Bild.<\/p>\n<h2>Ausbildungen<\/h2>\n<p><strong>2014 \u2013 2016\u00a0<\/strong> Masterstudium Kulturelle Bildung an Schulen, Philipps-Universit\u00e4t Marburg<span class=\"Apple-converted-space\">\u00a0<\/span><br \/>\n<strong>1998 \u2013 2006\u00a0<\/strong> Kunststudium (Experimentelle Raumkonzepte, Malerei und Video), Hochschule f\u00fcr Gestaltung, Offenbach a. M.<span class=\"Apple-converted-space\">\u00a0<\/span><br \/>\n<strong>1995 \u2013 1998<\/strong>\u00a0 Berufsausbildung zur Holzbildhauerin, Berufsfachschule f\u00fcr Holz und Elfenbein, Michelstadt\/Odw.<\/p>\n<h2>Stipendien \/ Preise<\/h2>\n<p><strong>2022 <\/strong>Stipendium Neustart Kultur, Stiftung Kunstfonds<strong><br \/>\n2021 <\/strong>Digitalgutschein, Neustart Kultur, BBK-Bundesverband Berlin<strong><br \/>\n2021 <\/strong>Br\u00fcckenstipendium, Hessische Kulturstiftung<strong><br \/>\n2020 <\/strong>Arbeitsstipendium, Hessische Kulturstiftung<br \/>\n<strong>2018 <\/strong>AIR Stipendium der Stadt Frankfurt a. M., dreimonatiger Arbeitsaufenthalt in Kuala Lumpur, Malaysia<br \/>\n<strong>2014 \u2013 2016 <\/strong>F\u00f6rderstipendium Masterstudiengang \u201eKulturelle Bildung an Schulen\u201c,<span class=\"Apple-converted-space\">\u00a0<\/span>Commerzbank-Stiftung, Frankfurt a.M.<br \/>\n<strong>2014 <\/strong>Nominierung f\u00fcr den Preis der Darmst\u00e4dter Sezession<br \/>\n<strong>2010 <\/strong>Sonderpreis der EKHN Stiftung f\u00fcr den Kurzfilm \u201eaufeinanderzu\u201c<br \/>\n<strong>2009 <\/strong>Stipendium der Heussenstamm-Stiftung, Frankfurt a. M.<br \/>\n<strong>2007 <\/strong>Moldaustipendium Land Hessen, Egon-Schiele-Art Zentrum,\u00a0Cesky Krumlov\/CZ<span class=\"Apple-converted-space\">\u00a0<\/span><br \/>\n<strong>2007 <\/strong>Ausstellung \u201eDa, wo ich bin\u201c, Stiftung Frankfurter Sparkasse 1822,<span class=\"Apple-converted-space\">\u00a0<\/span>Frankfurt a. M.<span class=\"Apple-converted-space\">\u00a0<\/span><br \/>\n<strong>2004 \u2013 2007 <\/strong>Atelierstipendium, Firma Allessa, Offenbach a.M.<br \/>\n<strong>2003 \u2013 2005 <\/strong>Stipendium der Johannes-Mosbach-Stiftung, Offenbach a.M<span class=\"Apple-converted-space\">\u00a0<\/span><\/p>\n<h2>Ausstellungen (Auswahl)<\/h2>\n<p>(E) Einzelausstellung<br \/>\n(G) Gruppenausstellung<br \/>\n(K) Katalog<\/p>\n<p><strong>2023<\/strong><br \/>\n\u201eWandlungen\u201c, Kunstverein Bellevue-Saal, Wiesbaden (mit Verena Freyschmidt)<br \/>\n\u201eUnerm\u00fcdliches Kraut\u201c, Tag der Druckkunst, Ausstellung Atelierschaufenster, Frankfurt a. M. (E)<\/p>\n<p><strong>2022<\/strong><br \/>\n\u201eArkaden Promenaden\u201c, Schaufensterausstellung 5, Westateliers, Frankfurt a. M. (mit Katja von Puttkamer)<br \/>\n\u201eFarben der Hellerhofsiedlung\u201c, Tag der Druckkunst, Ausstellung Atelierschaufenster, Frankfurt a. M.. (E)<\/p>\n<p><strong>2021<\/strong><br \/>\n\u201eEs gibt nichts sch\u00f6neres als hier zu sein!\u201c und \u201eTrottoir \u2013 wunderbar!\u201c, Schaufensterausstellungen 3 und 4, Westateliers, Frankfurt a.M. (G)<br \/>\n\u201eMonotypien von H bis M\u201c, Tag der Druckkunst, Ausstellung Atelierschaufenster, Frankfurt a.M. (E)<\/p>\n<p><strong>2020<\/strong><span class=\"Apple-converted-space\"><br \/>\n<\/span>\u201eSchaufensterausstellung 1 + 2\u201c, Westateliers, Frankfurt a. M. (G)<br \/>\n\u201espring line # 01\u201c, # Arts for Spring, Digitale Ausstellung, Stiftung Nantesbuch,\u00a0Bad Heilbrunn (G)<\/p>\n<p><strong>2019<br \/>\n<\/strong>\u201e10 Portionen, bitte\u201c, Kunst Raum Mato e.V., Akademie f\u00fcr interdisziplin\u00e4re Prozesse, Offenbach a.M. (G)<\/p>\n<p><strong>2018<\/strong><span class=\"Apple-converted-space\"><br \/>\n<\/span>\u201ecan \/ cannot\u201c, lostgens artspace, Kuala Lumpur, Malaysia (E)<\/p>\n<p><strong>2017<br \/>\n<\/strong>\u201eSichten\u201c, Projektraum basis e.V., Frankfurt a. M. (mit Brigitte Halder) (G)<\/p>\n<p><strong>2015<\/strong> <span class=\"Apple-converted-space\"><br \/>\n<\/span>\u201eKunst politisch machen\u201c, Projektraum basis e.V., Frankfurt a. M. (G)(K)<br \/>\n\u201eDepuis que je me souviens &#8211; Seit ich mich erinnern kann\u201c, AusstellungsHalle Schulstr. 1A, Frankfurt a. M. (G)(K)<br \/>\n\u201e32. Kasseler Dokfest\u201c, Kassel<span class=\"Apple-converted-space\">\u00a0 \u00a0 \u00a0 \u00a0 \u00a0 \u00a0 \u00a0 \u00a0 \u00a0 \u00a0<\/span><\/p>\n<p><strong>2014<\/strong><span class=\"Apple-converted-space\"><br \/>\n<\/span>\u201eStadtvisionale\u201c, Kurzfilmfestival, Ev. Akademie, Frankfurt a. M.<br \/>\n\u201eIn Bewegung\u201c, Darmst\u00e4dter Sezession, Darmstadt<span class=\"Apple-converted-space\">\u00a0 <\/span>(G)<br \/>\n\u201eslow down\u201c, Heussenstamm-Galerie, Frankfurt a.M. (G)<\/p>\n<p><strong>2013\/14<span class=\"Apple-converted-space\"><br \/>\n<\/span><\/strong>\u201eWurzeln weit mehr Aufmerksamkeit widmen\u201c, Wanderausstellung, KV Familie Montez, Frankfurt a. M. (G)(K) <span class=\"Apple-converted-space\"><br \/>\n<\/span>\u201eGrenzlinien\u201c, Universit\u00e4tsbibliothek, Gie\u00dfen (G)(K)<\/p>\n<p><b>2012<br \/>\n<\/b>\u201eentlang der mainzer\u201c, R\u00f6mer9, Ev. Stadtakademie, Frankfurt a. M. (G)(K)<\/p>\n<p><strong>2011<br \/>\n<\/strong>\u201eFlagge zeigen\u201c, Installation am Mainufer, Ffm. (E) <span class=\"Apple-converted-space\"><br \/>\n<\/span>\u201epersonal landscapes\u201c, Projektraum basis e.V., Ffm. (E)<br \/>\n\u201eBattonnstra\u00dfe 50-52\u201c, Video, open doors, basis e.V., Ffm. (G)<br \/>\n\u201eFlagge zeigen\u201c, Animation, Gallus Theater, Ffm. (G)<\/p>\n<p><strong>2010<br \/>\n<\/strong>\u201eFlagge zeigen\u201c, Heussenstamm-Galerie, Frankfurt a. M. (E)<br \/>\n\u201eGrenzlinien\u201c, Kultursommer Rheinland-Pfalz, Rheinufer Mainz (G)(K)<\/p>\n<p><strong>2009<br \/>\n<\/strong>\u201eFLUTEN\u201c work:space und Ausstellung, Wasserturm, Wien (G)<br \/>\n\u201eTurm N15\u201c, \u201eSommerschau\u201c, basis e.V., Frankfurt a.M. (G)<br \/>\n\u201eGrenzland\u201c, Neuer Kunstverein Aschaffenburg und R\u00f6mer9, Frankfurt a. M. (G)(K)<\/p>\n<p><strong>2008<br \/>\n<\/strong>\u201e68\/10 Jahre Moldaustipendium\u201c, Forum im Ministerium, Hess. Ministerium f\u00fcr Wissenschaft und<span class=\"Apple-converted-space\">\u00a0<\/span>und Kunst, Wiesbaden (G)(K)<br \/>\n\u201eFlagge hissen\u201c, \u201eSommerschau\u201c, basis e.V., Ffm. (G)<\/p>\n<p><strong>2007<br \/>\n<\/strong>\u201eCeske Budjovice\u201c, Raum1, K\u00fcnstlerhaus Gartenstrasse 56, Frankfurt a. M. (E)<br \/>\n\u201eDa, wo ich bin\u201c, 1822-Forum, Frankfurt a. M. (E) (K)<\/p>\n<h2>Reise- und Filmprojekt<\/h2>\n<p><strong>2012\/13<\/strong><br \/>\n\u201cMusic for diversity of life and culture\u201c, Filmprojekt in Indien, zusammen mit dem Komponisten Volker<span class=\"Apple-converted-space\">\u00a0<\/span>Staub und dem Ensembles \u201eOne Earth Orchestra\u201c\u00a0(u.a. Konzert Biodiversit\u00e4tskonferenz der Vereinten Nationen, Hyderabad sowie Aufenthalt bei den<span class=\"Apple-converted-space\">\u00a0<\/span>Kadar, einer kulturellen Ethnie, im Dschungel von Parambikulam Wildlife Sanctuary, Tamil Nadu).<\/p>\n<h2>Kunstvermittlung<\/h2>\n<p><strong>Seit 2006<br \/>\n<\/strong>arbeite ich als freischaffende Dozentin in verschiedenen Programmen der \u00e4sthetischen Bildung. Aktuell bin ich Schulk\u00fcnstlerin an der Anne-Frank-Schule in Frankfurter a. M. und arbeite mit einem interdisziplin\u00e4ren K\u00fcnstler:innenteam an der H\u00f6lderlin Schule, Bad Homburg.\u00a0Dar\u00fcber hinaus konzipiere und leite ich Workshops f\u00fcr das Bildungsprogramm des Museum Sinclair-Haus, Bad Homburg. In den letzten Jahren arbeite ich verst\u00e4rkt in der Erwachsenenbildung und entwickele Weiterbildungsformate f\u00fcr Lehrkr\u00e4fte.<\/p>\n<p>Lehrt\u00e4tigkeiten (Auswahl):<\/p>\n<p><strong>Seit 2008<\/strong> Freie Mitarbeiterin Bildungsprogramm Museum Sinclair-Haus, Bad Homburg<\/p>\n<p><strong>Seit 2009<\/strong> K\u00fcnstlerin in einem interdisziplin\u00e4ren K\u00fcnstler:innenteam an der H\u00f6lderlin Schule, Bad Homburg, Stiftung Kunst und Natur<\/p>\n<p><strong>Seit 2019<\/strong> Schulk\u00fcnstlerin, Anne-Frank Schule, Frankfurt am Main Stiftung der Frankfurter Sparkasse 1822<\/p>\n<p><strong>Seit 2019<\/strong> \u00a0\u201eKreativ und Organisiert\u201c, Weiterbildung f\u00fcr Lehrkr\u00e4fte, Kooperation Kulturfonds Frankfurt\u202fRheinMain\u202fund Stiftung Kunst und Natur<\/p>\n<p><strong>Seit 2020<\/strong> \u201ePrimaArte\u201c, Weiterbildungsformat f\u00fcr Grundschullehrende, Hessisches Kultusministerium Wiesbaden<\/p>\n<p><strong>2019\/20<\/strong> Kunstvoll Projekt, eine Kooperation mit der Anne-Frank Schule und Heusenstamm. Raum f\u00fcr Kunst und Stadt, Frankfurt am Main<\/p>\n<p><strong>2021\/22<\/strong> \u201eCulturLab\u201c, \u00a0Jugend- und Sozialamt und Crespo Foundation, Frankfurt am Main<\/p>","protected":false},"excerpt":{"rendered":"<p>Geboren 1974 in K\u00f6ln. Seit 2006 freischaffende K\u00fcnstlerin, lebt und arbeitet in Frankfurt am Main. Multimediak\u00fcnstlerin mit den Schwerpunkten Malerei, Installation, Druckgrafik und bewegtes Bild. Ausbildungen 2014 \u2013 2016\u00a0 Masterstudium Kulturelle Bildung an Schulen, Philipps-Universit\u00e4t Marburg\u00a0 1998 \u2013 2006\u00a0 Kunststudium (Experimentelle Raumkonzepte, Malerei und Video), [&hellip;]<\/p>\n","protected":false},"author":1,"featured_media":0,"parent":0,"menu_order":0,"comment_status":"closed","ping_status":"closed","template":"","meta":[],"_links":{"self":[{"href":"https:\/\/maikehaeusling.de\/en\/wp-json\/wp\/v2\/pages\/969"}],"collection":[{"href":"https:\/\/maikehaeusling.de\/en\/wp-json\/wp\/v2\/pages"}],"about":[{"href":"https:\/\/maikehaeusling.de\/en\/wp-json\/wp\/v2\/types\/page"}],"author":[{"embeddable":true,"href":"https:\/\/maikehaeusling.de\/en\/wp-json\/wp\/v2\/users\/1"}],"replies":[{"embeddable":true,"href":"https:\/\/maikehaeusling.de\/en\/wp-json\/wp\/v2\/comments?post=969"}],"version-history":[{"count":38,"href":"https:\/\/maikehaeusling.de\/en\/wp-json\/wp\/v2\/pages\/969\/revisions"}],"predecessor-version":[{"id":1133,"href":"https:\/\/maikehaeusling.de\/en\/wp-json\/wp\/v2\/pages\/969\/revisions\/1133"}],"wp:attachment":[{"href":"https:\/\/maikehaeusling.de\/en\/wp-json\/wp\/v2\/media?parent=969"}],"curies":[{"name":"wp","href":"https:\/\/api.w.org\/{rel}","templated":true}]}}